{"id":1093,"date":"2022-07-29T00:49:40","date_gmt":"2022-07-29T00:49:40","guid":{"rendered":"https:\/\/www.allenmeyersphoto.com\/?page_id=1093"},"modified":"2022-07-29T00:49:40","modified_gmt":"2022-07-29T00:49:40","slug":"jokulsarlon","status":"publish","type":"page","link":"https:\/\/www.allenmeyersphoto.com\/index.php\/travel\/europe\/iceland\/jokulsarlon\/","title":{"rendered":"J\u00f6kuls\u00e1rl\u00f3n"},"content":{"rendered":"","protected":false},"excerpt":{"rendered":"","protected":false},"author":1,"featured_media":0,"parent":1077,"menu_order":0,"comment_status":"closed","ping_status":"closed","template":"","meta":{"footnotes":""},"class_list":["post-1093","page","type-page","status-publish","hentry"],"_links":{"self":[{"href":"https:\/\/www.allenmeyersphoto.com\/index.php\/wp-json\/wp\/v2\/pages\/1093","targetHints":{"allow":["GET"]}}],"collection":[{"href":"https:\/\/www.allenmeyersphoto.com\/index.php\/wp-json\/wp\/v2\/pages"}],"about":[{"href":"https:\/\/www.allenmeyersphoto.com\/index.php\/wp-json\/wp\/v2\/types\/page"}],"author":[{"embeddable":true,"href":"https:\/\/www.allenmeyersphoto.com\/index.php\/wp-json\/wp\/v2\/users\/1"}],"replies":[{"embeddable":true,"href":"https:\/\/www.allenmeyersphoto.com\/index.php\/wp-json\/wp\/v2\/comments?post=1093"}],"version-history":[{"count":1,"href":"https:\/\/www.allenmeyersphoto.com\/index.php\/wp-json\/wp\/v2\/pages\/1093\/revisions"}],"predecessor-version":[{"id":1094,"href":"https:\/\/www.allenmeyersphoto.com\/index.php\/wp-json\/wp\/v2\/pages\/1093\/revisions\/1094"}],"up":[{"embeddable":true,"href":"https:\/\/www.allenmeyersphoto.com\/index.php\/wp-json\/wp\/v2\/pages\/1077"}],"wp:attachment":[{"href":"https:\/\/www.allenmeyersphoto.com\/index.php\/wp-json\/wp\/v2\/media?parent=1093"}],"curies":[{"name":"wp","href":"https:\/\/api.w.org\/{rel}","templated":true}]}}